{"id":528,"date":"2026-01-27T20:32:45","date_gmt":"2026-01-27T20:32:45","guid":{"rendered":"https:\/\/titare.eus\/producto\/taller-familiar-de-costura-navidena\/"},"modified":"2026-03-03T08:58:56","modified_gmt":"2026-03-03T08:58:56","slug":"taller-arreglos-de-costura","status":"publish","type":"product","link":"https:\/\/titare.eus\/eu\/producto\/taller-arreglos-de-costura\/","title":{"rendered":"Oinarrizko konponketak tailerra"},"content":{"rendered":"","protected":false},"excerpt":{"rendered":"<p>El pr\u00f3ximo <b>7 de marzo<\/b>, de <b>10:00 a 13:30<\/b>, te invitamos a disfrutar de un <b>taller de arreglos<\/b> en <b>TITARE<\/b>. Una actividad perfecta para aprender a manejar la m\u00e1quina de coser y a hacer arreglos.<\/p>\n<p>En este taller aprender\u00e9is a <b>coser a m\u00e1quina<\/b><span style=\"font-weight: 400;\"> desde cero, guiados paso a paso, a hacer arreglos como: coger bajo de pantalones y camisetas, reparar rotos de pantalones, coser un dobladillo&#8230;<\/span><\/p>\n<p><span style=\"font-weight: 400;\">Deber\u00e1s traer las prendas que quieras arreglar<\/span><\/p>\n<ul>\n<li>Ambiente cercano y grupos s\u00faper reducidos<\/li>\n<li><b>Peque\u00f1o aperitivo a media ma\u00f1ana<\/b><b><br \/>\n<\/b><\/li>\n<li>Perfecto para cualquier nivel, incluso iniciaci\u00f3n total<span style=\"font-weight: 400;\"><br \/>\n<\/span><b><\/b><\/li>\n<li><b>50 \u20ac por persona<\/b><b><br \/>\n<\/b><b><\/b><\/li>\n<li><b>M\u00e1ximo 7 personas\u00a0<\/b><\/li>\n<\/ul>\n<p>&nbsp;<\/p>\n<p>\u00a1Reserva tu plaza y ven a crear, coser!<\/p>\n<p><strong>Puedes regalar este taller a otra persona con nuestro vale regalo. Te enviaremos el vale digitalmente o con posibilidad de recogerlo f\u00edsicamente en TITARE.<\/strong><\/p>\n","protected":false},"featured_media":828,"comment_status":"open","ping_status":"closed","template":"","meta":{"_et_pb_use_builder":"off","_et_pb_old_content":"","_et_gb_content_width":""},"product_brand":[],"product_cat":[37,35],"product_tag":[],"class_list":{"0":"post-528","1":"product","2":"type-product","3":"status-publish","4":"has-post-thumbnail","6":"product_cat-ikastaro-monografikoa","7":"product_cat-ikastaroak-eta-tailerrak","9":"first","10":"instock","11":"virtual","12":"purchasable","13":"product-type-simple"},"yoast_head":"<!-- This site is optimized with the Yoast SEO plugin v27.0 - https:\/\/yoast.com\/product\/yoast-seo-wordpress\/ -->\n<title>Oinarrizko konponketak tailerra - TITARE<\/title>\n<meta name=\"robots\" content=\"index, follow, max-snippet:-1, max-image-preview:large, max-video-preview:-1\" \/>\n<link rel=\"canonical\" href=\"https:\/\/titare.eus\/eu\/producto\/taller-arreglos-de-costura\/\" \/>\n<meta property=\"og:locale\" content=\"en_US\" \/>\n<meta property=\"og:type\" content=\"article\" \/>\n<meta property=\"og:title\" content=\"Oinarrizko konponketak tailerra - TITARE\" \/>\n<meta property=\"og:description\" content=\"El pr\u00f3ximo 7 de marzo, de 10:00 a 13:30, te invitamos a disfrutar de un taller de arreglos en TITARE. Una actividad perfecta para aprender a manejar la m\u00e1quina de coser y a hacer arreglos.  En este taller aprender\u00e9is a coser a m\u00e1quina desde cero, guiados paso a paso, a hacer arreglos como: coger bajo de pantalones y camisetas, reparar rotos de pantalones, coser un dobladillo...  Deber\u00e1s traer las prendas que quieras arreglar   Ambiente cercano y grupos s\u00faper reducidos  Peque\u00f1o aperitivo a media ma\u00f1ana   Perfecto para cualquier nivel, incluso iniciaci\u00f3n total   50 \u20ac por persona   M\u00e1ximo 7 personas\u00a0  &nbsp;  \u00a1Reserva tu plaza y ven a crear, coser!  Puedes regalar este taller a otra persona con nuestro vale regalo. Te enviaremos el vale digitalmente o con posibilidad de recogerlo f\u00edsicamente en TITARE.\" \/>\n<meta property=\"og:url\" content=\"https:\/\/titare.eus\/eu\/producto\/taller-arreglos-de-costura\/\" \/>\n<meta property=\"og:site_name\" content=\"TITARE\" \/>\n<meta property=\"article:modified_time\" content=\"2026-03-03T08:58:56+00:00\" \/>\n<meta property=\"og:image\" content=\"https:\/\/titare.eus\/wp-content\/uploads\/2025\/11\/Sin-titulo-2-1.png\" \/>\n\t<meta property=\"og:image:width\" content=\"1080\" \/>\n\t<meta property=\"og:image:height\" content=\"1080\" \/>\n\t<meta property=\"og:image:type\" content=\"image\/png\" \/>\n<meta name=\"twitter:card\" content=\"summary_large_image\" \/>\n<meta name=\"twitter:label1\" content=\"Est. reading time\" \/>\n\t<meta name=\"twitter:data1\" content=\"1 minutua\" \/>\n<script type=\"application\/ld+json\" class=\"yoast-schema-graph\">{\"@context\":\"https:\/\/schema.org\",\"@graph\":[{\"@type\":\"WebPage\",\"@id\":\"https:\/\/titare.eus\/eu\/producto\/taller-arreglos-de-costura\/\",\"url\":\"https:\/\/titare.eus\/eu\/producto\/taller-arreglos-de-costura\/\",\"name\":\"Oinarrizko konponketak tailerra - TITARE\",\"isPartOf\":{\"@id\":\"https:\/\/titare.eus\/#website\"},\"primaryImageOfPage\":{\"@id\":\"https:\/\/titare.eus\/eu\/producto\/taller-arreglos-de-costura\/#primaryimage\"},\"image\":{\"@id\":\"https:\/\/titare.eus\/eu\/producto\/taller-arreglos-de-costura\/#primaryimage\"},\"thumbnailUrl\":\"https:\/\/titare.eus\/wp-content\/uploads\/2025\/11\/Sin-titulo-2-1.png\",\"datePublished\":\"2026-01-27T20:32:45+00:00\",\"dateModified\":\"2026-03-03T08:58:56+00:00\",\"breadcrumb\":{\"@id\":\"https:\/\/titare.eus\/eu\/producto\/taller-arreglos-de-costura\/#breadcrumb\"},\"inLanguage\":\"eu\",\"potentialAction\":[{\"@type\":\"ReadAction\",\"target\":[\"https:\/\/titare.eus\/eu\/producto\/taller-arreglos-de-costura\/\"]}]},{\"@type\":\"ImageObject\",\"inLanguage\":\"eu\",\"@id\":\"https:\/\/titare.eus\/eu\/producto\/taller-arreglos-de-costura\/#primaryimage\",\"url\":\"https:\/\/titare.eus\/wp-content\/uploads\/2025\/11\/Sin-titulo-2-1.png\",\"contentUrl\":\"https:\/\/titare.eus\/wp-content\/uploads\/2025\/11\/Sin-titulo-2-1.png\",\"width\":1080,\"height\":1080},{\"@type\":\"BreadcrumbList\",\"@id\":\"https:\/\/titare.eus\/eu\/producto\/taller-arreglos-de-costura\/#breadcrumb\",\"itemListElement\":[{\"@type\":\"ListItem\",\"position\":1,\"name\":\"Portada\",\"item\":\"https:\/\/titare.eus\/inicio\/\"},{\"@type\":\"ListItem\",\"position\":2,\"name\":\"Denda\",\"item\":\"https:\/\/titare.eus\/denda\/\"},{\"@type\":\"ListItem\",\"position\":3,\"name\":\"Oinarrizko konponketak tailerra\"}]},{\"@type\":\"WebSite\",\"@id\":\"https:\/\/titare.eus\/#website\",\"url\":\"https:\/\/titare.eus\/\",\"name\":\"TITARE\",\"description\":\"Moda Laborategia\",\"potentialAction\":[{\"@type\":\"SearchAction\",\"target\":{\"@type\":\"EntryPoint\",\"urlTemplate\":\"https:\/\/titare.eus\/?s={search_term_string}\"},\"query-input\":{\"@type\":\"PropertyValueSpecification\",\"valueRequired\":true,\"valueName\":\"search_term_string\"}}],\"inLanguage\":\"eu\"}]}<\/script>\n<!-- \/ Yoast SEO plugin. -->","yoast_head_json":{"title":"Oinarrizko konponketak tailerra - TITARE","robots":{"index":"index","follow":"follow","max-snippet":"max-snippet:-1","max-image-preview":"max-image-preview:large","max-video-preview":"max-video-preview:-1"},"canonical":"https:\/\/titare.eus\/eu\/producto\/taller-arreglos-de-costura\/","og_locale":"en_US","og_type":"article","og_title":"Oinarrizko konponketak tailerra - TITARE","og_description":"El pr\u00f3ximo 7 de marzo, de 10:00 a 13:30, te invitamos a disfrutar de un taller de arreglos en TITARE. Una actividad perfecta para aprender a manejar la m\u00e1quina de coser y a hacer arreglos.  En este taller aprender\u00e9is a coser a m\u00e1quina desde cero, guiados paso a paso, a hacer arreglos como: coger bajo de pantalones y camisetas, reparar rotos de pantalones, coser un dobladillo...  Deber\u00e1s traer las prendas que quieras arreglar   Ambiente cercano y grupos s\u00faper reducidos  Peque\u00f1o aperitivo a media ma\u00f1ana   Perfecto para cualquier nivel, incluso iniciaci\u00f3n total   50 \u20ac por persona   M\u00e1ximo 7 personas\u00a0  &nbsp;  \u00a1Reserva tu plaza y ven a crear, coser!  Puedes regalar este taller a otra persona con nuestro vale regalo. Te enviaremos el vale digitalmente o con posibilidad de recogerlo f\u00edsicamente en TITARE.","og_url":"https:\/\/titare.eus\/eu\/producto\/taller-arreglos-de-costura\/","og_site_name":"TITARE","article_modified_time":"2026-03-03T08:58:56+00:00","og_image":[{"width":1080,"height":1080,"url":"https:\/\/titare.eus\/wp-content\/uploads\/2025\/11\/Sin-titulo-2-1.png","type":"image\/png"}],"twitter_card":"summary_large_image","twitter_misc":{"Est. reading time":"1 minutua"},"schema":{"@context":"https:\/\/schema.org","@graph":[{"@type":"WebPage","@id":"https:\/\/titare.eus\/eu\/producto\/taller-arreglos-de-costura\/","url":"https:\/\/titare.eus\/eu\/producto\/taller-arreglos-de-costura\/","name":"Oinarrizko konponketak tailerra - TITARE","isPartOf":{"@id":"https:\/\/titare.eus\/#website"},"primaryImageOfPage":{"@id":"https:\/\/titare.eus\/eu\/producto\/taller-arreglos-de-costura\/#primaryimage"},"image":{"@id":"https:\/\/titare.eus\/eu\/producto\/taller-arreglos-de-costura\/#primaryimage"},"thumbnailUrl":"https:\/\/titare.eus\/wp-content\/uploads\/2025\/11\/Sin-titulo-2-1.png","datePublished":"2026-01-27T20:32:45+00:00","dateModified":"2026-03-03T08:58:56+00:00","breadcrumb":{"@id":"https:\/\/titare.eus\/eu\/producto\/taller-arreglos-de-costura\/#breadcrumb"},"inLanguage":"eu","potentialAction":[{"@type":"ReadAction","target":["https:\/\/titare.eus\/eu\/producto\/taller-arreglos-de-costura\/"]}]},{"@type":"ImageObject","inLanguage":"eu","@id":"https:\/\/titare.eus\/eu\/producto\/taller-arreglos-de-costura\/#primaryimage","url":"https:\/\/titare.eus\/wp-content\/uploads\/2025\/11\/Sin-titulo-2-1.png","contentUrl":"https:\/\/titare.eus\/wp-content\/uploads\/2025\/11\/Sin-titulo-2-1.png","width":1080,"height":1080},{"@type":"BreadcrumbList","@id":"https:\/\/titare.eus\/eu\/producto\/taller-arreglos-de-costura\/#breadcrumb","itemListElement":[{"@type":"ListItem","position":1,"name":"Portada","item":"https:\/\/titare.eus\/inicio\/"},{"@type":"ListItem","position":2,"name":"Denda","item":"https:\/\/titare.eus\/denda\/"},{"@type":"ListItem","position":3,"name":"Oinarrizko konponketak tailerra"}]},{"@type":"WebSite","@id":"https:\/\/titare.eus\/#website","url":"https:\/\/titare.eus\/","name":"TITARE","description":"Moda Laborategia","potentialAction":[{"@type":"SearchAction","target":{"@type":"EntryPoint","urlTemplate":"https:\/\/titare.eus\/?s={search_term_string}"},"query-input":{"@type":"PropertyValueSpecification","valueRequired":true,"valueName":"search_term_string"}}],"inLanguage":"eu"}]}},"_links":{"self":[{"href":"https:\/\/titare.eus\/eu\/wp-json\/wp\/v2\/product\/528","targetHints":{"allow":["GET"]}}],"collection":[{"href":"https:\/\/titare.eus\/eu\/wp-json\/wp\/v2\/product"}],"about":[{"href":"https:\/\/titare.eus\/eu\/wp-json\/wp\/v2\/types\/product"}],"replies":[{"embeddable":true,"href":"https:\/\/titare.eus\/eu\/wp-json\/wp\/v2\/comments?post=528"}],"wp:featuredmedia":[{"embeddable":true,"href":"https:\/\/titare.eus\/eu\/wp-json\/wp\/v2\/media\/828"}],"wp:attachment":[{"href":"https:\/\/titare.eus\/eu\/wp-json\/wp\/v2\/media?parent=528"}],"wp:term":[{"taxonomy":"product_brand","embeddable":true,"href":"https:\/\/titare.eus\/eu\/wp-json\/wp\/v2\/product_brand?post=528"},{"taxonomy":"product_cat","embeddable":true,"href":"https:\/\/titare.eus\/eu\/wp-json\/wp\/v2\/product_cat?post=528"},{"taxonomy":"product_tag","embeddable":true,"href":"https:\/\/titare.eus\/eu\/wp-json\/wp\/v2\/product_tag?post=528"}],"curies":[{"name":"wp","href":"https:\/\/api.w.org\/{rel}","templated":true}]}}