{"id":524,"date":"2025-11-25T15:54:25","date_gmt":"2025-11-25T15:54:25","guid":{"rendered":"https:\/\/titare.eus\/producto\/costura-para-ninos-7-a-14-anos\/"},"modified":"2025-11-26T09:40:05","modified_gmt":"2025-11-26T09:40:05","slug":"costura-para-ninos-7-a-14-anos","status":"publish","type":"product","link":"https:\/\/titare.eus\/eu\/producto\/costura-para-ninos-7-a-14-anos\/","title":{"rendered":"Josteko ikastaroa haurrentzat: (7-14 urte)"},"content":{"rendered":"","protected":false},"excerpt":{"rendered":"<p><span style=\"font-weight: 400;\">Nuestro taller anual est\u00e1 dise\u00f1ado para que los ni\u00f1os y ni\u00f1as, de <\/span><b>7 a 14 a\u00f1os<\/b><span style=\"font-weight: 400;\">, descubran el mundo de la costura a trav\u00e9s del juego y la experimentaci\u00f3n. Fusionamos la costura con el arte textil para ofrecer una actividad divertida que, adem\u00e1s, aporta grandes beneficios: mejora la <\/span><b>concentraci\u00f3n<\/b><span style=\"font-weight: 400;\">, desarrolla la <\/span><b>psicomotricidad fina<\/b><span style=\"font-weight: 400;\"> y fomenta la <\/span><b>creatividad<\/b><span style=\"font-weight: 400;\">.<\/span><\/p>\n<p><span style=\"font-weight: 400;\">A lo largo del curso, exploraremos:<\/span><\/p>\n<ul>\n<li style=\"font-weight: 400;\" aria-level=\"1\"><b>T\u00e9cnicas de Costura:<\/b><span style=\"font-weight: 400;\"> Aprender\u00e1n las bases de la costura, tanto <\/span><b>a mano como a m\u00e1quina<\/b><span style=\"font-weight: 400;\">.<\/span><\/li>\n<li style=\"font-weight: 400;\" aria-level=\"1\"><b>Sostenibilidad Textil:<\/b><span style=\"font-weight: 400;\"> Introduciremos conceptos ecol\u00f3gicos como la creaci\u00f3n de <\/span><b>tintes naturales<\/b><span style=\"font-weight: 400;\"> y la experimentaci\u00f3n con <\/span><b>biomateriales<\/b><span style=\"font-weight: 400;\">.<\/span><\/li>\n<li style=\"font-weight: 400;\" aria-level=\"1\"><b>Desarrollo de Destrezas:<\/b><span style=\"font-weight: 400;\"> Ganar\u00e1n autonom\u00eda y la satisfacci\u00f3n de crear sus propios proyectos.<\/span><\/li>\n<\/ul>\n<p><b>Informaci\u00f3n Pr\u00e1ctica:<\/b><\/p>\n<ul>\n<li style=\"font-weight: 400;\" aria-level=\"1\"><b>Duraci\u00f3n:<\/b><span style=\"font-weight: 400;\"> Taller de car\u00e1cter anual (curso escolar).<\/span><\/li>\n<li style=\"font-weight: 400;\" aria-level=\"1\"><b>Horario:<\/b><span style=\"font-weight: 400;\"> Mi\u00e9rcoles de 17:00 a 18:30 (1 hora y 30 minutos).<\/span><\/li>\n<li style=\"font-weight: 400;\" aria-level=\"1\"><b>Precio:<\/b><span style=\"font-weight: 400;\"> 50 \u20ac al mes.<\/span><\/li>\n<li style=\"font-weight: 400;\" aria-level=\"1\"><b>Matr\u00edcula:<\/b><span style=\"font-weight: 400;\"> 25 \u20ac (pago \u00fanico).<\/span><\/li>\n<\/ul>\n<p><b>Materiales y Herramientas:<\/b><\/p>\n<ul>\n<li style=\"font-weight: 400;\" aria-level=\"1\"><span style=\"font-weight: 400;\">\u00a0<\/span><b>Incluido en el Taller:<\/b><span style=\"font-weight: 400;\"> Cada alumno dispondr\u00e1 de una <\/span><b>m\u00e1quina de coser individual<\/b><span style=\"font-weight: 400;\"> y todas las herramientas b\u00e1sicas (tijeras, tizas, dedales, alfileres, etc.). Tambi\u00e9n cubrimos las herramientas espec\u00edficas para las pr\u00e1cticas de tintes y experimentos con materiales.<\/span><\/li>\n<li style=\"font-weight: 400;\" aria-level=\"1\"><span style=\"font-weight: 400;\">\u00a0<\/span><b>Lo que deben traer:<\/b><span style=\"font-weight: 400;\"> \u00danicamente es necesario que traigan sus propias <\/span><b>telas, hilos o materiales<\/b><span style=\"font-weight: 400;\"> (retales, envases, etc.) para desarrollar sus proyectos personales.<\/span><\/li>\n<\/ul>\n<p>&nbsp;<\/p>\n","protected":false},"featured_media":527,"comment_status":"open","ping_status":"closed","template":"","meta":{"_et_pb_use_builder":"","_et_pb_old_content":"","_et_gb_content_width":""},"product_brand":[],"product_cat":[35,36],"product_tag":[],"class_list":{"0":"post-524","1":"product","2":"type-product","3":"status-publish","4":"has-post-thumbnail","6":"product_cat-ikastaroak-eta-tailerrak","7":"product_cat-urteko-ikastaroa","9":"first","10":"instock","11":"product-type-simple"},"yoast_head":"<!-- This site is optimized with the Yoast SEO plugin v27.0 - https:\/\/yoast.com\/product\/yoast-seo-wordpress\/ -->\n<title>Josteko ikastaroa haurrentzat: (7-14 urte) - TITARE<\/title>\n<meta name=\"robots\" content=\"index, follow, max-snippet:-1, max-image-preview:large, max-video-preview:-1\" \/>\n<link rel=\"canonical\" href=\"https:\/\/titare.eus\/producto\/costura-para-ninos-7-a-14-anos\/\" \/>\n<meta property=\"og:locale\" content=\"en_US\" \/>\n<meta property=\"og:type\" content=\"article\" \/>\n<meta property=\"og:title\" content=\"Josteko ikastaroa haurrentzat: (7-14 urte) - TITARE\" \/>\n<meta property=\"og:description\" content=\"Nuestro taller anual est\u00e1 dise\u00f1ado para que los ni\u00f1os y ni\u00f1as, de 7 a 14 a\u00f1os, descubran el mundo de la costura a trav\u00e9s del juego y la experimentaci\u00f3n. Fusionamos la costura con el arte textil para ofrecer una actividad divertida que, adem\u00e1s, aporta grandes beneficios: mejora la concentraci\u00f3n, desarrolla la psicomotricidad fina y fomenta la creatividad.  A lo largo del curso, exploraremos:   T\u00e9cnicas de Costura: Aprender\u00e1n las bases de la costura, tanto a mano como a m\u00e1quina.  Sostenibilidad Textil: Introduciremos conceptos ecol\u00f3gicos como la creaci\u00f3n de tintes naturales y la experimentaci\u00f3n con biomateriales.  Desarrollo de Destrezas: Ganar\u00e1n autonom\u00eda y la satisfacci\u00f3n de crear sus propios proyectos.  Informaci\u00f3n Pr\u00e1ctica:   Duraci\u00f3n: Taller de car\u00e1cter anual (curso escolar).  Horario: Mi\u00e9rcoles de 17:00 a 18:30 (1 hora y 30 minutos).  Precio: 50 \u20ac al mes.  Matr\u00edcula: 25 \u20ac (pago \u00fanico).  Materiales y Herramientas:   \u00a0Incluido en el Taller: Cada alumno dispondr\u00e1 de una m\u00e1quina de coser individual y todas las herramientas b\u00e1sicas (tijeras, tizas, dedales, alfileres, etc.). Tambi\u00e9n cubrimos las herramientas espec\u00edficas para las pr\u00e1cticas de tintes y experimentos con materiales.  \u00a0Lo que deben traer: \u00danicamente es necesario que traigan sus propias telas, hilos o materiales (retales, envases, etc.) para desarrollar sus proyectos personales.  &nbsp;\" \/>\n<meta property=\"og:url\" content=\"https:\/\/titare.eus\/producto\/costura-para-ninos-7-a-14-anos\/\" \/>\n<meta property=\"og:site_name\" content=\"TITARE\" \/>\n<meta property=\"article:modified_time\" content=\"2025-11-26T09:40:05+00:00\" \/>\n<meta property=\"og:image\" content=\"https:\/\/titare.eus\/wp-content\/uploads\/2025\/11\/josteko-ikastaroa-titare.jpg\" \/>\n\t<meta property=\"og:image:width\" content=\"1000\" \/>\n\t<meta property=\"og:image:height\" content=\"1250\" \/>\n\t<meta property=\"og:image:type\" content=\"image\/jpeg\" \/>\n<meta name=\"twitter:card\" content=\"summary_large_image\" \/>\n<script type=\"application\/ld+json\" class=\"yoast-schema-graph\">{\"@context\":\"https:\/\/schema.org\",\"@graph\":[{\"@type\":\"WebPage\",\"@id\":\"https:\/\/titare.eus\/producto\/costura-para-ninos-7-a-14-anos\/\",\"url\":\"https:\/\/titare.eus\/producto\/costura-para-ninos-7-a-14-anos\/\",\"name\":\"Josteko ikastaroa haurrentzat: (7-14 urte) - TITARE\",\"isPartOf\":{\"@id\":\"https:\/\/titare.eus\/#website\"},\"primaryImageOfPage\":{\"@id\":\"https:\/\/titare.eus\/producto\/costura-para-ninos-7-a-14-anos\/#primaryimage\"},\"image\":{\"@id\":\"https:\/\/titare.eus\/producto\/costura-para-ninos-7-a-14-anos\/#primaryimage\"},\"thumbnailUrl\":\"https:\/\/titare.eus\/wp-content\/uploads\/2025\/11\/josteko-ikastaroa-titare.jpg\",\"datePublished\":\"2025-11-25T15:54:25+00:00\",\"dateModified\":\"2025-11-26T09:40:05+00:00\",\"breadcrumb\":{\"@id\":\"https:\/\/titare.eus\/producto\/costura-para-ninos-7-a-14-anos\/#breadcrumb\"},\"inLanguage\":\"eu\",\"potentialAction\":[{\"@type\":\"ReadAction\",\"target\":[\"https:\/\/titare.eus\/producto\/costura-para-ninos-7-a-14-anos\/\"]}]},{\"@type\":\"ImageObject\",\"inLanguage\":\"eu\",\"@id\":\"https:\/\/titare.eus\/producto\/costura-para-ninos-7-a-14-anos\/#primaryimage\",\"url\":\"https:\/\/titare.eus\/wp-content\/uploads\/2025\/11\/josteko-ikastaroa-titare.jpg\",\"contentUrl\":\"https:\/\/titare.eus\/wp-content\/uploads\/2025\/11\/josteko-ikastaroa-titare.jpg\",\"width\":1000,\"height\":1250},{\"@type\":\"BreadcrumbList\",\"@id\":\"https:\/\/titare.eus\/producto\/costura-para-ninos-7-a-14-anos\/#breadcrumb\",\"itemListElement\":[{\"@type\":\"ListItem\",\"position\":1,\"name\":\"Portada\",\"item\":\"https:\/\/titare.eus\/inicio\/\"},{\"@type\":\"ListItem\",\"position\":2,\"name\":\"Denda\",\"item\":\"https:\/\/titare.eus\/denda\/\"},{\"@type\":\"ListItem\",\"position\":3,\"name\":\"Josteko ikastaroa haurrentzat: (7-14 urte)\"}]},{\"@type\":\"WebSite\",\"@id\":\"https:\/\/titare.eus\/#website\",\"url\":\"https:\/\/titare.eus\/\",\"name\":\"TITARE\",\"description\":\"Moda Laborategia\",\"potentialAction\":[{\"@type\":\"SearchAction\",\"target\":{\"@type\":\"EntryPoint\",\"urlTemplate\":\"https:\/\/titare.eus\/?s={search_term_string}\"},\"query-input\":{\"@type\":\"PropertyValueSpecification\",\"valueRequired\":true,\"valueName\":\"search_term_string\"}}],\"inLanguage\":\"eu\"}]}<\/script>\n<!-- \/ Yoast SEO plugin. -->","yoast_head_json":{"title":"Josteko ikastaroa haurrentzat: (7-14 urte) - TITARE","robots":{"index":"index","follow":"follow","max-snippet":"max-snippet:-1","max-image-preview":"max-image-preview:large","max-video-preview":"max-video-preview:-1"},"canonical":"https:\/\/titare.eus\/producto\/costura-para-ninos-7-a-14-anos\/","og_locale":"en_US","og_type":"article","og_title":"Josteko ikastaroa haurrentzat: (7-14 urte) - TITARE","og_description":"Nuestro taller anual est\u00e1 dise\u00f1ado para que los ni\u00f1os y ni\u00f1as, de 7 a 14 a\u00f1os, descubran el mundo de la costura a trav\u00e9s del juego y la experimentaci\u00f3n. Fusionamos la costura con el arte textil para ofrecer una actividad divertida que, adem\u00e1s, aporta grandes beneficios: mejora la concentraci\u00f3n, desarrolla la psicomotricidad fina y fomenta la creatividad.  A lo largo del curso, exploraremos:   T\u00e9cnicas de Costura: Aprender\u00e1n las bases de la costura, tanto a mano como a m\u00e1quina.  Sostenibilidad Textil: Introduciremos conceptos ecol\u00f3gicos como la creaci\u00f3n de tintes naturales y la experimentaci\u00f3n con biomateriales.  Desarrollo de Destrezas: Ganar\u00e1n autonom\u00eda y la satisfacci\u00f3n de crear sus propios proyectos.  Informaci\u00f3n Pr\u00e1ctica:   Duraci\u00f3n: Taller de car\u00e1cter anual (curso escolar).  Horario: Mi\u00e9rcoles de 17:00 a 18:30 (1 hora y 30 minutos).  Precio: 50 \u20ac al mes.  Matr\u00edcula: 25 \u20ac (pago \u00fanico).  Materiales y Herramientas:   \u00a0Incluido en el Taller: Cada alumno dispondr\u00e1 de una m\u00e1quina de coser individual y todas las herramientas b\u00e1sicas (tijeras, tizas, dedales, alfileres, etc.). Tambi\u00e9n cubrimos las herramientas espec\u00edficas para las pr\u00e1cticas de tintes y experimentos con materiales.  \u00a0Lo que deben traer: \u00danicamente es necesario que traigan sus propias telas, hilos o materiales (retales, envases, etc.) para desarrollar sus proyectos personales.  &nbsp;","og_url":"https:\/\/titare.eus\/producto\/costura-para-ninos-7-a-14-anos\/","og_site_name":"TITARE","article_modified_time":"2025-11-26T09:40:05+00:00","og_image":[{"width":1000,"height":1250,"url":"https:\/\/titare.eus\/wp-content\/uploads\/2025\/11\/josteko-ikastaroa-titare.jpg","type":"image\/jpeg"}],"twitter_card":"summary_large_image","schema":{"@context":"https:\/\/schema.org","@graph":[{"@type":"WebPage","@id":"https:\/\/titare.eus\/producto\/costura-para-ninos-7-a-14-anos\/","url":"https:\/\/titare.eus\/producto\/costura-para-ninos-7-a-14-anos\/","name":"Josteko ikastaroa haurrentzat: (7-14 urte) - TITARE","isPartOf":{"@id":"https:\/\/titare.eus\/#website"},"primaryImageOfPage":{"@id":"https:\/\/titare.eus\/producto\/costura-para-ninos-7-a-14-anos\/#primaryimage"},"image":{"@id":"https:\/\/titare.eus\/producto\/costura-para-ninos-7-a-14-anos\/#primaryimage"},"thumbnailUrl":"https:\/\/titare.eus\/wp-content\/uploads\/2025\/11\/josteko-ikastaroa-titare.jpg","datePublished":"2025-11-25T15:54:25+00:00","dateModified":"2025-11-26T09:40:05+00:00","breadcrumb":{"@id":"https:\/\/titare.eus\/producto\/costura-para-ninos-7-a-14-anos\/#breadcrumb"},"inLanguage":"eu","potentialAction":[{"@type":"ReadAction","target":["https:\/\/titare.eus\/producto\/costura-para-ninos-7-a-14-anos\/"]}]},{"@type":"ImageObject","inLanguage":"eu","@id":"https:\/\/titare.eus\/producto\/costura-para-ninos-7-a-14-anos\/#primaryimage","url":"https:\/\/titare.eus\/wp-content\/uploads\/2025\/11\/josteko-ikastaroa-titare.jpg","contentUrl":"https:\/\/titare.eus\/wp-content\/uploads\/2025\/11\/josteko-ikastaroa-titare.jpg","width":1000,"height":1250},{"@type":"BreadcrumbList","@id":"https:\/\/titare.eus\/producto\/costura-para-ninos-7-a-14-anos\/#breadcrumb","itemListElement":[{"@type":"ListItem","position":1,"name":"Portada","item":"https:\/\/titare.eus\/inicio\/"},{"@type":"ListItem","position":2,"name":"Denda","item":"https:\/\/titare.eus\/denda\/"},{"@type":"ListItem","position":3,"name":"Josteko ikastaroa haurrentzat: (7-14 urte)"}]},{"@type":"WebSite","@id":"https:\/\/titare.eus\/#website","url":"https:\/\/titare.eus\/","name":"TITARE","description":"Moda Laborategia","potentialAction":[{"@type":"SearchAction","target":{"@type":"EntryPoint","urlTemplate":"https:\/\/titare.eus\/?s={search_term_string}"},"query-input":{"@type":"PropertyValueSpecification","valueRequired":true,"valueName":"search_term_string"}}],"inLanguage":"eu"}]}},"_links":{"self":[{"href":"https:\/\/titare.eus\/eu\/wp-json\/wp\/v2\/product\/524","targetHints":{"allow":["GET"]}}],"collection":[{"href":"https:\/\/titare.eus\/eu\/wp-json\/wp\/v2\/product"}],"about":[{"href":"https:\/\/titare.eus\/eu\/wp-json\/wp\/v2\/types\/product"}],"replies":[{"embeddable":true,"href":"https:\/\/titare.eus\/eu\/wp-json\/wp\/v2\/comments?post=524"}],"wp:featuredmedia":[{"embeddable":true,"href":"https:\/\/titare.eus\/eu\/wp-json\/wp\/v2\/media\/527"}],"wp:attachment":[{"href":"https:\/\/titare.eus\/eu\/wp-json\/wp\/v2\/media?parent=524"}],"wp:term":[{"taxonomy":"product_brand","embeddable":true,"href":"https:\/\/titare.eus\/eu\/wp-json\/wp\/v2\/product_brand?post=524"},{"taxonomy":"product_cat","embeddable":true,"href":"https:\/\/titare.eus\/eu\/wp-json\/wp\/v2\/product_cat?post=524"},{"taxonomy":"product_tag","embeddable":true,"href":"https:\/\/titare.eus\/eu\/wp-json\/wp\/v2\/product_tag?post=524"}],"curies":[{"name":"wp","href":"https:\/\/api.w.org\/{rel}","templated":true}]}}