{"id":520,"date":"2025-11-26T15:02:19","date_gmt":"2025-11-26T15:02:19","guid":{"rendered":"https:\/\/titare.eus\/producto\/taller-de-costura-creativa-aprende-a-crear-desde-cero\/"},"modified":"2025-11-26T09:34:30","modified_gmt":"2025-11-26T09:34:30","slug":"taller-de-costura-creativa-aprende-a-crear-desde-cero","status":"publish","type":"product","link":"https:\/\/titare.eus\/eu\/producto\/taller-de-costura-creativa-aprende-a-crear-desde-cero\/","title":{"rendered":"Jostungintza Sormenezko Tailerra: Ikasi Hutsetik Sortzen"},"content":{"rendered":"","protected":false},"excerpt":{"rendered":"<p><span style=\"font-weight: 400;\">\u00a1Da el salto y aprende a dar vida a tus propias prendas! Este curso intensivo, con duraci\u00f3n de un curso escolar, est\u00e1 dise\u00f1ado para que te inicies en el mundo de la costura de forma <\/span><b>relajada y creativa<\/b><span style=\"font-weight: 400;\">, sin necesidad de experiencia previa.<\/span><\/p>\n<p><b>Lo que aprender\u00e1s:<\/b><\/p>\n<p><span style=\"font-weight: 400;\">El curso est\u00e1 estructurado en trimestres, permitiendo una inmersi\u00f3n progresiva en la t\u00e9cnica:<\/span><\/p>\n<ul>\n<li style=\"font-weight: 400;\" aria-level=\"1\"><b>Dominio de la M\u00e1quina:<\/b><span style=\"font-weight: 400;\"> Aprender\u00e1s a manejar la m\u00e1quina de coser desde cero.<\/span><\/li>\n<li style=\"font-weight: 400;\" aria-level=\"1\"><b>Proyectos Propios:<\/b><span style=\"font-weight: 400;\"> Desarrollar\u00e1s las habilidades necesarias para crear tus propios proyectos de costura.<\/span><\/li>\n<li style=\"font-weight: 400;\" aria-level=\"1\"><b>T\u00e9cnica de Costura:<\/b><span style=\"font-weight: 400;\"> Nos adentraremos en las bases de la confecci\u00f3n de una manera pr\u00e1ctica y divertida.<\/span><\/li>\n<\/ul>\n<p><b>Informaci\u00f3n Pr\u00e1ctica:<\/b><\/p>\n<ul>\n<li style=\"font-weight: 400;\" aria-level=\"1\"><b>Duraci\u00f3n:<\/b><span style=\"font-weight: 400;\"> Curso escolar completo.<\/span><\/li>\n<li style=\"font-weight: 400;\" aria-level=\"1\"><b>Horarios disponibles:<\/b>\n<ul>\n<li style=\"font-weight: 400;\" aria-level=\"2\"><span style=\"font-weight: 400;\">Lunes a las 18:45<\/span><\/li>\n<li style=\"font-weight: 400;\" aria-level=\"2\"><span style=\"font-weight: 400;\">Mi\u00e9rcoles a las 18:45<\/span><\/li>\n<\/ul>\n<\/li>\n<\/ul>\n<p><span style=\"font-weight: 400;\">Consultar por disponibilidad de otros horarios<\/span><\/p>\n<ul>\n<li style=\"font-weight: 400;\" aria-level=\"1\"><b>Precio:<\/b><span style=\"font-weight: 400;\"> 50 \u20ac al mes.<\/span><\/li>\n<li style=\"font-weight: 400;\" aria-level=\"1\"><b>Matr\u00edcula:<\/b><span style=\"font-weight: 400;\"> 25 \u20ac (pago \u00fanico).<\/span><\/li>\n<\/ul>\n<p><b>Materiales Incluidos y Necesarios:<\/b><\/p>\n<ul>\n<li style=\"font-weight: 400;\" aria-level=\"1\"><span style=\"font-weight: 400;\">\u00a0<\/span><b>Incluido en el Taller:<\/b><span style=\"font-weight: 400;\"> Dispondr\u00e1s de m\u00e1quina de coser individual y todas las herramientas b\u00e1sicas (tijeras, tizas, dedales, alfileres, etc.).<\/span><\/li>\n<\/ul>\n<p><span style=\"font-weight: 400;\">\u00a0<\/span><b>Lo que debes traer:<\/b><span style=\"font-weight: 400;\"> \u00danicamente deber\u00e1s traer tus propias <\/span><b>telas e hilos<\/b><span style=\"font-weight: 400;\"> para cada proyecto.<\/span><\/p>\n","protected":false},"featured_media":522,"comment_status":"open","ping_status":"closed","template":"","meta":{"_et_pb_use_builder":"","_et_pb_old_content":"","_et_gb_content_width":""},"product_brand":[],"product_cat":[35,36],"product_tag":[],"class_list":{"0":"post-520","1":"product","2":"type-product","3":"status-publish","4":"has-post-thumbnail","6":"product_cat-ikastaroak-eta-tailerrak","7":"product_cat-urteko-ikastaroa","9":"first","10":"instock","11":"product-type-simple"},"yoast_head":"<!-- This site is optimized with the Yoast SEO plugin v27.0 - https:\/\/yoast.com\/product\/yoast-seo-wordpress\/ -->\n<title>Jostungintza Sormenezko Tailerra: Ikasi Hutsetik Sortzen - TITARE<\/title>\n<meta name=\"robots\" content=\"index, follow, max-snippet:-1, max-image-preview:large, max-video-preview:-1\" \/>\n<link rel=\"canonical\" href=\"https:\/\/titare.eus\/producto\/taller-de-costura-creativa-aprende-a-crear-desde-cero\/\" \/>\n<meta property=\"og:locale\" content=\"en_US\" \/>\n<meta property=\"og:type\" content=\"article\" \/>\n<meta property=\"og:title\" content=\"Jostungintza Sormenezko Tailerra: Ikasi Hutsetik Sortzen - TITARE\" \/>\n<meta property=\"og:description\" content=\"\u00a1Da el salto y aprende a dar vida a tus propias prendas! Este curso intensivo, con duraci\u00f3n de un curso escolar, est\u00e1 dise\u00f1ado para que te inicies en el mundo de la costura de forma relajada y creativa, sin necesidad de experiencia previa.  Lo que aprender\u00e1s:  El curso est\u00e1 estructurado en trimestres, permitiendo una inmersi\u00f3n progresiva en la t\u00e9cnica:   Dominio de la M\u00e1quina: Aprender\u00e1s a manejar la m\u00e1quina de coser desde cero.  Proyectos Propios: Desarrollar\u00e1s las habilidades necesarias para crear tus propios proyectos de costura.  T\u00e9cnica de Costura: Nos adentraremos en las bases de la confecci\u00f3n de una manera pr\u00e1ctica y divertida.  Informaci\u00f3n Pr\u00e1ctica:   Duraci\u00f3n: Curso escolar completo.  Horarios disponibles:   Lunes a las 18:45  Mi\u00e9rcoles a las 18:45    Consultar por disponibilidad de otros horarios   Precio: 50 \u20ac al mes.  Matr\u00edcula: 25 \u20ac (pago \u00fanico).  Materiales Incluidos y Necesarios:   \u00a0Incluido en el Taller: Dispondr\u00e1s de m\u00e1quina de coser individual y todas las herramientas b\u00e1sicas (tijeras, tizas, dedales, alfileres, etc.).  \u00a0Lo que debes traer: \u00danicamente deber\u00e1s traer tus propias telas e hilos para cada proyecto.\" \/>\n<meta property=\"og:url\" content=\"https:\/\/titare.eus\/producto\/taller-de-costura-creativa-aprende-a-crear-desde-cero\/\" \/>\n<meta property=\"og:site_name\" content=\"TITARE\" \/>\n<meta property=\"og:image\" content=\"https:\/\/titare.eus\/wp-content\/uploads\/2025\/11\/Sormen-Tailerra.jpg\" \/>\n\t<meta property=\"og:image:width\" content=\"1000\" \/>\n\t<meta property=\"og:image:height\" content=\"1250\" \/>\n\t<meta property=\"og:image:type\" content=\"image\/jpeg\" \/>\n<meta name=\"twitter:card\" content=\"summary_large_image\" \/>\n<script type=\"application\/ld+json\" class=\"yoast-schema-graph\">{\"@context\":\"https:\/\/schema.org\",\"@graph\":[{\"@type\":\"WebPage\",\"@id\":\"https:\/\/titare.eus\/producto\/taller-de-costura-creativa-aprende-a-crear-desde-cero\/\",\"url\":\"https:\/\/titare.eus\/producto\/taller-de-costura-creativa-aprende-a-crear-desde-cero\/\",\"name\":\"Jostungintza Sormenezko Tailerra: Ikasi Hutsetik Sortzen - TITARE\",\"isPartOf\":{\"@id\":\"https:\/\/titare.eus\/#website\"},\"primaryImageOfPage\":{\"@id\":\"https:\/\/titare.eus\/producto\/taller-de-costura-creativa-aprende-a-crear-desde-cero\/#primaryimage\"},\"image\":{\"@id\":\"https:\/\/titare.eus\/producto\/taller-de-costura-creativa-aprende-a-crear-desde-cero\/#primaryimage\"},\"thumbnailUrl\":\"https:\/\/titare.eus\/wp-content\/uploads\/2025\/11\/Sormen-Tailerra.jpg\",\"datePublished\":\"2025-11-26T15:02:19+00:00\",\"breadcrumb\":{\"@id\":\"https:\/\/titare.eus\/producto\/taller-de-costura-creativa-aprende-a-crear-desde-cero\/#breadcrumb\"},\"inLanguage\":\"eu\",\"potentialAction\":[{\"@type\":\"ReadAction\",\"target\":[\"https:\/\/titare.eus\/producto\/taller-de-costura-creativa-aprende-a-crear-desde-cero\/\"]}]},{\"@type\":\"ImageObject\",\"inLanguage\":\"eu\",\"@id\":\"https:\/\/titare.eus\/producto\/taller-de-costura-creativa-aprende-a-crear-desde-cero\/#primaryimage\",\"url\":\"https:\/\/titare.eus\/wp-content\/uploads\/2025\/11\/Sormen-Tailerra.jpg\",\"contentUrl\":\"https:\/\/titare.eus\/wp-content\/uploads\/2025\/11\/Sormen-Tailerra.jpg\",\"width\":1000,\"height\":1250},{\"@type\":\"BreadcrumbList\",\"@id\":\"https:\/\/titare.eus\/producto\/taller-de-costura-creativa-aprende-a-crear-desde-cero\/#breadcrumb\",\"itemListElement\":[{\"@type\":\"ListItem\",\"position\":1,\"name\":\"Portada\",\"item\":\"https:\/\/titare.eus\/inicio\/\"},{\"@type\":\"ListItem\",\"position\":2,\"name\":\"Denda\",\"item\":\"https:\/\/titare.eus\/denda\/\"},{\"@type\":\"ListItem\",\"position\":3,\"name\":\"Jostungintza Sormenezko Tailerra: Ikasi Hutsetik Sortzen\"}]},{\"@type\":\"WebSite\",\"@id\":\"https:\/\/titare.eus\/#website\",\"url\":\"https:\/\/titare.eus\/\",\"name\":\"TITARE\",\"description\":\"Moda Laborategia\",\"potentialAction\":[{\"@type\":\"SearchAction\",\"target\":{\"@type\":\"EntryPoint\",\"urlTemplate\":\"https:\/\/titare.eus\/?s={search_term_string}\"},\"query-input\":{\"@type\":\"PropertyValueSpecification\",\"valueRequired\":true,\"valueName\":\"search_term_string\"}}],\"inLanguage\":\"eu\"}]}<\/script>\n<!-- \/ Yoast SEO plugin. -->","yoast_head_json":{"title":"Jostungintza Sormenezko Tailerra: Ikasi Hutsetik Sortzen - TITARE","robots":{"index":"index","follow":"follow","max-snippet":"max-snippet:-1","max-image-preview":"max-image-preview:large","max-video-preview":"max-video-preview:-1"},"canonical":"https:\/\/titare.eus\/producto\/taller-de-costura-creativa-aprende-a-crear-desde-cero\/","og_locale":"en_US","og_type":"article","og_title":"Jostungintza Sormenezko Tailerra: Ikasi Hutsetik Sortzen - TITARE","og_description":"\u00a1Da el salto y aprende a dar vida a tus propias prendas! Este curso intensivo, con duraci\u00f3n de un curso escolar, est\u00e1 dise\u00f1ado para que te inicies en el mundo de la costura de forma relajada y creativa, sin necesidad de experiencia previa.  Lo que aprender\u00e1s:  El curso est\u00e1 estructurado en trimestres, permitiendo una inmersi\u00f3n progresiva en la t\u00e9cnica:   Dominio de la M\u00e1quina: Aprender\u00e1s a manejar la m\u00e1quina de coser desde cero.  Proyectos Propios: Desarrollar\u00e1s las habilidades necesarias para crear tus propios proyectos de costura.  T\u00e9cnica de Costura: Nos adentraremos en las bases de la confecci\u00f3n de una manera pr\u00e1ctica y divertida.  Informaci\u00f3n Pr\u00e1ctica:   Duraci\u00f3n: Curso escolar completo.  Horarios disponibles:   Lunes a las 18:45  Mi\u00e9rcoles a las 18:45    Consultar por disponibilidad de otros horarios   Precio: 50 \u20ac al mes.  Matr\u00edcula: 25 \u20ac (pago \u00fanico).  Materiales Incluidos y Necesarios:   \u00a0Incluido en el Taller: Dispondr\u00e1s de m\u00e1quina de coser individual y todas las herramientas b\u00e1sicas (tijeras, tizas, dedales, alfileres, etc.).  \u00a0Lo que debes traer: \u00danicamente deber\u00e1s traer tus propias telas e hilos para cada proyecto.","og_url":"https:\/\/titare.eus\/producto\/taller-de-costura-creativa-aprende-a-crear-desde-cero\/","og_site_name":"TITARE","og_image":[{"width":1000,"height":1250,"url":"https:\/\/titare.eus\/wp-content\/uploads\/2025\/11\/Sormen-Tailerra.jpg","type":"image\/jpeg"}],"twitter_card":"summary_large_image","schema":{"@context":"https:\/\/schema.org","@graph":[{"@type":"WebPage","@id":"https:\/\/titare.eus\/producto\/taller-de-costura-creativa-aprende-a-crear-desde-cero\/","url":"https:\/\/titare.eus\/producto\/taller-de-costura-creativa-aprende-a-crear-desde-cero\/","name":"Jostungintza Sormenezko Tailerra: Ikasi Hutsetik Sortzen - TITARE","isPartOf":{"@id":"https:\/\/titare.eus\/#website"},"primaryImageOfPage":{"@id":"https:\/\/titare.eus\/producto\/taller-de-costura-creativa-aprende-a-crear-desde-cero\/#primaryimage"},"image":{"@id":"https:\/\/titare.eus\/producto\/taller-de-costura-creativa-aprende-a-crear-desde-cero\/#primaryimage"},"thumbnailUrl":"https:\/\/titare.eus\/wp-content\/uploads\/2025\/11\/Sormen-Tailerra.jpg","datePublished":"2025-11-26T15:02:19+00:00","breadcrumb":{"@id":"https:\/\/titare.eus\/producto\/taller-de-costura-creativa-aprende-a-crear-desde-cero\/#breadcrumb"},"inLanguage":"eu","potentialAction":[{"@type":"ReadAction","target":["https:\/\/titare.eus\/producto\/taller-de-costura-creativa-aprende-a-crear-desde-cero\/"]}]},{"@type":"ImageObject","inLanguage":"eu","@id":"https:\/\/titare.eus\/producto\/taller-de-costura-creativa-aprende-a-crear-desde-cero\/#primaryimage","url":"https:\/\/titare.eus\/wp-content\/uploads\/2025\/11\/Sormen-Tailerra.jpg","contentUrl":"https:\/\/titare.eus\/wp-content\/uploads\/2025\/11\/Sormen-Tailerra.jpg","width":1000,"height":1250},{"@type":"BreadcrumbList","@id":"https:\/\/titare.eus\/producto\/taller-de-costura-creativa-aprende-a-crear-desde-cero\/#breadcrumb","itemListElement":[{"@type":"ListItem","position":1,"name":"Portada","item":"https:\/\/titare.eus\/inicio\/"},{"@type":"ListItem","position":2,"name":"Denda","item":"https:\/\/titare.eus\/denda\/"},{"@type":"ListItem","position":3,"name":"Jostungintza Sormenezko Tailerra: Ikasi Hutsetik Sortzen"}]},{"@type":"WebSite","@id":"https:\/\/titare.eus\/#website","url":"https:\/\/titare.eus\/","name":"TITARE","description":"Moda Laborategia","potentialAction":[{"@type":"SearchAction","target":{"@type":"EntryPoint","urlTemplate":"https:\/\/titare.eus\/?s={search_term_string}"},"query-input":{"@type":"PropertyValueSpecification","valueRequired":true,"valueName":"search_term_string"}}],"inLanguage":"eu"}]}},"_links":{"self":[{"href":"https:\/\/titare.eus\/eu\/wp-json\/wp\/v2\/product\/520","targetHints":{"allow":["GET"]}}],"collection":[{"href":"https:\/\/titare.eus\/eu\/wp-json\/wp\/v2\/product"}],"about":[{"href":"https:\/\/titare.eus\/eu\/wp-json\/wp\/v2\/types\/product"}],"replies":[{"embeddable":true,"href":"https:\/\/titare.eus\/eu\/wp-json\/wp\/v2\/comments?post=520"}],"wp:featuredmedia":[{"embeddable":true,"href":"https:\/\/titare.eus\/eu\/wp-json\/wp\/v2\/media\/522"}],"wp:attachment":[{"href":"https:\/\/titare.eus\/eu\/wp-json\/wp\/v2\/media?parent=520"}],"wp:term":[{"taxonomy":"product_brand","embeddable":true,"href":"https:\/\/titare.eus\/eu\/wp-json\/wp\/v2\/product_brand?post=520"},{"taxonomy":"product_cat","embeddable":true,"href":"https:\/\/titare.eus\/eu\/wp-json\/wp\/v2\/product_cat?post=520"},{"taxonomy":"product_tag","embeddable":true,"href":"https:\/\/titare.eus\/eu\/wp-json\/wp\/v2\/product_tag?post=520"}],"curies":[{"name":"wp","href":"https:\/\/api.w.org\/{rel}","templated":true}]}}