{"id":512,"date":"2025-11-25T15:50:14","date_gmt":"2025-11-25T15:50:14","guid":{"rendered":"https:\/\/titare.eus\/producto\/laboratorio-textil-creatividad-y-sostenibilidad\/"},"modified":"2025-11-26T09:25:12","modified_gmt":"2025-11-26T09:25:12","slug":"laboratorio-textil-creatividad-y-sostenibilidad","status":"publish","type":"product","link":"https:\/\/titare.eus\/eu\/producto\/laboratorio-textil-creatividad-y-sostenibilidad\/","title":{"rendered":"Ehunen Laborategia: Sormena eta Jasangarritasuna"},"content":{"rendered":"","protected":false},"excerpt":{"rendered":"<p><span style=\"font-weight: 400;\">Este laboratorio est\u00e1 dise\u00f1ado para explorar la costura y el dise\u00f1o desde una perspectiva profundamente <\/span><b>sostenible y experimental<\/b><span style=\"font-weight: 400;\">. Si bien aprender\u00e1s a coser desde cero y a dominar la m\u00e1quina, el enfoque principal es la <\/span><b>reutilizaci\u00f3n<\/b><span style=\"font-weight: 400;\"> y el aprovechamiento de recursos.<\/span><\/p>\n<p><span style=\"font-weight: 400;\">Es un espacio abierto a la creatividad, donde transformamos lo que otros desechan.<\/span><\/p>\n<p><b>Temario y Enfoque:<\/b><\/p>\n<p><span style=\"font-weight: 400;\">Nos adentraremos en t\u00e9cnicas innovadoras y responsables con el medio ambiente, incluyendo:<\/span><\/p>\n<ul>\n<li style=\"list-style-type: none;\">\n<ul>\n<li style=\"font-weight: 400;\" aria-level=\"1\"><b>Upcycling:<\/b><span style=\"font-weight: 400;\"> Transformaci\u00f3n creativa de prendas y retales.<\/span><\/li>\n<li style=\"font-weight: 400;\" aria-level=\"1\"><b>Joyer\u00eda con Pl\u00e1stico:<\/b><span style=\"font-weight: 400;\"> Revalorizaci\u00f3n de materiales pl\u00e1sticos.<\/span><\/li>\n<li style=\"font-weight: 400;\" aria-level=\"1\"><b>Tintes Naturales:<\/b><span style=\"font-weight: 400;\"> Creaci\u00f3n de colores con elementos org\u00e1nicos, cianotipias en textil\u2026<\/span><\/li>\n<li style=\"font-weight: 400;\" aria-level=\"1\"><b>Biomateriales:<\/b><span style=\"font-weight: 400;\"> Introducci\u00f3n a materiales alternativos y sostenibles.<\/span><\/li>\n<\/ul>\n<\/li>\n<\/ul>\n<ul>\n<li aria-level=\"1\"><b>Decoraci\u00f3n de prendas<\/b><\/li>\n<\/ul>\n<p><b>Informaci\u00f3n Pr\u00e1ctica:<\/b><\/p>\n<ul>\n<li style=\"font-weight: 400;\" aria-level=\"1\"><b>Duraci\u00f3n de la clase:<\/b><span style=\"font-weight: 400;\"> 1 hora y 30 minutos a la semana.<\/span><\/li>\n<li style=\"font-weight: 400;\" aria-level=\"1\"><b>Plazas disponibles:<\/b>\n<ul>\n<li style=\"font-weight: 400;\" aria-level=\"2\"><span style=\"font-weight: 400;\">Mi\u00e9rcoles: 10:00 \u2013 11:30<\/span><\/li>\n<li style=\"font-weight: 400;\" aria-level=\"2\"><span style=\"font-weight: 400;\">Martes: 18:45 \u2013 20:15\u00a0<\/span><\/li>\n<\/ul>\n<\/li>\n<\/ul>\n<p><b>\u00a0\u00a0\u00a0\u00a0\u00a0\u00a0\u00a0\u00a0\u00a0\u00a0\u00a0\u00a0Precio:<\/b><span style=\"font-weight: 400;\"> 50 \u20ac al mes.<\/span><\/p>\n<ul>\n<li style=\"font-weight: 400;\" aria-level=\"1\"><b>Matr\u00edcula:<\/b><span style=\"font-weight: 400;\"> 25 \u20ac (pago \u00fanico).<\/span><\/li>\n<\/ul>\n<p><b>Materiales y Herramientas:<\/b><\/p>\n<ul>\n<li style=\"font-weight: 400;\" aria-level=\"1\"><span style=\"font-weight: 400;\">\u00a0<\/span><b>Incluido en el Taller:<\/b><span style=\"font-weight: 400;\"> Dispondr\u00e1s de m\u00e1quina de coser individual y todas las herramientas b\u00e1sicas (tijeras, tizas, dedales, alfileres, etc.). Adem\u00e1s, cubrimos las herramientas espec\u00edficas necesarias para las pr\u00e1cticas de joyer\u00eda, resina, tintes y otros experimentos.<\/span><\/li>\n<li style=\"font-weight: 400;\" aria-level=\"1\"><span style=\"font-weight: 400;\">\u00a0<\/span><b>Lo que debes traer:<\/b><span style=\"font-weight: 400;\"> \u00danicamente deber\u00e1s traer tus propias <\/span><b>telas, hilos o materiales<\/b><span style=\"font-weight: 400;\"> (retales, envases, etc.) para cada proyecto creativo.<\/span><\/li>\n<\/ul>\n<p>&nbsp;<\/p>\n","protected":false},"featured_media":514,"comment_status":"open","ping_status":"closed","template":"","meta":{"_et_pb_use_builder":"","_et_pb_old_content":"","_et_gb_content_width":""},"product_brand":[],"product_cat":[35,36],"product_tag":[],"class_list":{"0":"post-512","1":"product","2":"type-product","3":"status-publish","4":"has-post-thumbnail","6":"product_cat-ikastaroak-eta-tailerrak","7":"product_cat-urteko-ikastaroa","9":"first","10":"instock","11":"product-type-simple"},"yoast_head":"<!-- This site is optimized with the Yoast SEO plugin v27.0 - https:\/\/yoast.com\/product\/yoast-seo-wordpress\/ -->\n<title>Ehunen Laborategia: Sormena eta Jasangarritasuna - TITARE<\/title>\n<meta name=\"robots\" content=\"index, follow, max-snippet:-1, max-image-preview:large, max-video-preview:-1\" \/>\n<link rel=\"canonical\" href=\"https:\/\/titare.eus\/eu\/producto\/laboratorio-textil-creatividad-y-sostenibilidad\/\" \/>\n<meta property=\"og:locale\" content=\"en_US\" \/>\n<meta property=\"og:type\" content=\"article\" \/>\n<meta property=\"og:title\" content=\"Ehunen Laborategia: Sormena eta Jasangarritasuna - TITARE\" \/>\n<meta property=\"og:description\" content=\"Este laboratorio est\u00e1 dise\u00f1ado para explorar la costura y el dise\u00f1o desde una perspectiva profundamente sostenible y experimental. Si bien aprender\u00e1s a coser desde cero y a dominar la m\u00e1quina, el enfoque principal es la reutilizaci\u00f3n y el aprovechamiento de recursos.  Es un espacio abierto a la creatividad, donde transformamos lo que otros desechan.  Temario y Enfoque:  Nos adentraremos en t\u00e9cnicas innovadoras y responsables con el medio ambiente, incluyendo:      Upcycling: Transformaci\u00f3n creativa de prendas y retales.  Joyer\u00eda con Pl\u00e1stico: Revalorizaci\u00f3n de materiales pl\u00e1sticos.  Tintes Naturales: Creaci\u00f3n de colores con elementos org\u00e1nicos, cianotipias en textil\u2026  Biomateriales: Introducci\u00f3n a materiales alternativos y sostenibles.      Decoraci\u00f3n de prendas  Informaci\u00f3n Pr\u00e1ctica:   Duraci\u00f3n de la clase: 1 hora y 30 minutos a la semana.  Plazas disponibles:   Mi\u00e9rcoles: 10:00 \u2013 11:30  Martes: 18:45 \u2013 20:15\u00a0    \u00a0\u00a0\u00a0\u00a0\u00a0\u00a0\u00a0\u00a0\u00a0\u00a0\u00a0\u00a0Precio: 50 \u20ac al mes.   Matr\u00edcula: 25 \u20ac (pago \u00fanico).  Materiales y Herramientas:   \u00a0Incluido en el Taller: Dispondr\u00e1s de m\u00e1quina de coser individual y todas las herramientas b\u00e1sicas (tijeras, tizas, dedales, alfileres, etc.). Adem\u00e1s, cubrimos las herramientas espec\u00edficas necesarias para las pr\u00e1cticas de joyer\u00eda, resina, tintes y otros experimentos.  \u00a0Lo que debes traer: \u00danicamente deber\u00e1s traer tus propias telas, hilos o materiales (retales, envases, etc.) para cada proyecto creativo.  &nbsp;\" \/>\n<meta property=\"og:url\" content=\"https:\/\/titare.eus\/eu\/producto\/laboratorio-textil-creatividad-y-sostenibilidad\/\" \/>\n<meta property=\"og:site_name\" content=\"TITARE\" \/>\n<meta property=\"article:modified_time\" content=\"2025-11-26T09:25:12+00:00\" \/>\n<meta property=\"og:image\" content=\"https:\/\/titare.eus\/wp-content\/uploads\/2025\/11\/Josteko-ikastaroa.jpg\" \/>\n\t<meta property=\"og:image:width\" content=\"1000\" \/>\n\t<meta property=\"og:image:height\" content=\"1250\" \/>\n\t<meta property=\"og:image:type\" content=\"image\/jpeg\" \/>\n<meta name=\"twitter:card\" content=\"summary_large_image\" \/>\n<script type=\"application\/ld+json\" class=\"yoast-schema-graph\">{\"@context\":\"https:\/\/schema.org\",\"@graph\":[{\"@type\":\"WebPage\",\"@id\":\"https:\/\/titare.eus\/eu\/producto\/laboratorio-textil-creatividad-y-sostenibilidad\/\",\"url\":\"https:\/\/titare.eus\/eu\/producto\/laboratorio-textil-creatividad-y-sostenibilidad\/\",\"name\":\"Ehunen Laborategia: Sormena eta Jasangarritasuna - TITARE\",\"isPartOf\":{\"@id\":\"https:\/\/titare.eus\/#website\"},\"primaryImageOfPage\":{\"@id\":\"https:\/\/titare.eus\/eu\/producto\/laboratorio-textil-creatividad-y-sostenibilidad\/#primaryimage\"},\"image\":{\"@id\":\"https:\/\/titare.eus\/eu\/producto\/laboratorio-textil-creatividad-y-sostenibilidad\/#primaryimage\"},\"thumbnailUrl\":\"https:\/\/titare.eus\/wp-content\/uploads\/2025\/11\/Josteko-ikastaroa.jpg\",\"datePublished\":\"2025-11-25T15:50:14+00:00\",\"dateModified\":\"2025-11-26T09:25:12+00:00\",\"breadcrumb\":{\"@id\":\"https:\/\/titare.eus\/eu\/producto\/laboratorio-textil-creatividad-y-sostenibilidad\/#breadcrumb\"},\"inLanguage\":\"eu\",\"potentialAction\":[{\"@type\":\"ReadAction\",\"target\":[\"https:\/\/titare.eus\/eu\/producto\/laboratorio-textil-creatividad-y-sostenibilidad\/\"]}]},{\"@type\":\"ImageObject\",\"inLanguage\":\"eu\",\"@id\":\"https:\/\/titare.eus\/eu\/producto\/laboratorio-textil-creatividad-y-sostenibilidad\/#primaryimage\",\"url\":\"https:\/\/titare.eus\/wp-content\/uploads\/2025\/11\/Josteko-ikastaroa.jpg\",\"contentUrl\":\"https:\/\/titare.eus\/wp-content\/uploads\/2025\/11\/Josteko-ikastaroa.jpg\",\"width\":1000,\"height\":1250},{\"@type\":\"BreadcrumbList\",\"@id\":\"https:\/\/titare.eus\/eu\/producto\/laboratorio-textil-creatividad-y-sostenibilidad\/#breadcrumb\",\"itemListElement\":[{\"@type\":\"ListItem\",\"position\":1,\"name\":\"Portada\",\"item\":\"https:\/\/titare.eus\/inicio\/\"},{\"@type\":\"ListItem\",\"position\":2,\"name\":\"Denda\",\"item\":\"https:\/\/titare.eus\/denda\/\"},{\"@type\":\"ListItem\",\"position\":3,\"name\":\"Ehunen Laborategia: Sormena eta Jasangarritasuna\"}]},{\"@type\":\"WebSite\",\"@id\":\"https:\/\/titare.eus\/#website\",\"url\":\"https:\/\/titare.eus\/\",\"name\":\"TITARE\",\"description\":\"Moda Laborategia\",\"potentialAction\":[{\"@type\":\"SearchAction\",\"target\":{\"@type\":\"EntryPoint\",\"urlTemplate\":\"https:\/\/titare.eus\/?s={search_term_string}\"},\"query-input\":{\"@type\":\"PropertyValueSpecification\",\"valueRequired\":true,\"valueName\":\"search_term_string\"}}],\"inLanguage\":\"eu\"}]}<\/script>\n<!-- \/ Yoast SEO plugin. -->","yoast_head_json":{"title":"Ehunen Laborategia: Sormena eta Jasangarritasuna - TITARE","robots":{"index":"index","follow":"follow","max-snippet":"max-snippet:-1","max-image-preview":"max-image-preview:large","max-video-preview":"max-video-preview:-1"},"canonical":"https:\/\/titare.eus\/eu\/producto\/laboratorio-textil-creatividad-y-sostenibilidad\/","og_locale":"en_US","og_type":"article","og_title":"Ehunen Laborategia: Sormena eta Jasangarritasuna - TITARE","og_description":"Este laboratorio est\u00e1 dise\u00f1ado para explorar la costura y el dise\u00f1o desde una perspectiva profundamente sostenible y experimental. Si bien aprender\u00e1s a coser desde cero y a dominar la m\u00e1quina, el enfoque principal es la reutilizaci\u00f3n y el aprovechamiento de recursos.  Es un espacio abierto a la creatividad, donde transformamos lo que otros desechan.  Temario y Enfoque:  Nos adentraremos en t\u00e9cnicas innovadoras y responsables con el medio ambiente, incluyendo:      Upcycling: Transformaci\u00f3n creativa de prendas y retales.  Joyer\u00eda con Pl\u00e1stico: Revalorizaci\u00f3n de materiales pl\u00e1sticos.  Tintes Naturales: Creaci\u00f3n de colores con elementos org\u00e1nicos, cianotipias en textil\u2026  Biomateriales: Introducci\u00f3n a materiales alternativos y sostenibles.      Decoraci\u00f3n de prendas  Informaci\u00f3n Pr\u00e1ctica:   Duraci\u00f3n de la clase: 1 hora y 30 minutos a la semana.  Plazas disponibles:   Mi\u00e9rcoles: 10:00 \u2013 11:30  Martes: 18:45 \u2013 20:15\u00a0    \u00a0\u00a0\u00a0\u00a0\u00a0\u00a0\u00a0\u00a0\u00a0\u00a0\u00a0\u00a0Precio: 50 \u20ac al mes.   Matr\u00edcula: 25 \u20ac (pago \u00fanico).  Materiales y Herramientas:   \u00a0Incluido en el Taller: Dispondr\u00e1s de m\u00e1quina de coser individual y todas las herramientas b\u00e1sicas (tijeras, tizas, dedales, alfileres, etc.). Adem\u00e1s, cubrimos las herramientas espec\u00edficas necesarias para las pr\u00e1cticas de joyer\u00eda, resina, tintes y otros experimentos.  \u00a0Lo que debes traer: \u00danicamente deber\u00e1s traer tus propias telas, hilos o materiales (retales, envases, etc.) para cada proyecto creativo.  &nbsp;","og_url":"https:\/\/titare.eus\/eu\/producto\/laboratorio-textil-creatividad-y-sostenibilidad\/","og_site_name":"TITARE","article_modified_time":"2025-11-26T09:25:12+00:00","og_image":[{"width":1000,"height":1250,"url":"https:\/\/titare.eus\/wp-content\/uploads\/2025\/11\/Josteko-ikastaroa.jpg","type":"image\/jpeg"}],"twitter_card":"summary_large_image","schema":{"@context":"https:\/\/schema.org","@graph":[{"@type":"WebPage","@id":"https:\/\/titare.eus\/eu\/producto\/laboratorio-textil-creatividad-y-sostenibilidad\/","url":"https:\/\/titare.eus\/eu\/producto\/laboratorio-textil-creatividad-y-sostenibilidad\/","name":"Ehunen Laborategia: Sormena eta Jasangarritasuna - TITARE","isPartOf":{"@id":"https:\/\/titare.eus\/#website"},"primaryImageOfPage":{"@id":"https:\/\/titare.eus\/eu\/producto\/laboratorio-textil-creatividad-y-sostenibilidad\/#primaryimage"},"image":{"@id":"https:\/\/titare.eus\/eu\/producto\/laboratorio-textil-creatividad-y-sostenibilidad\/#primaryimage"},"thumbnailUrl":"https:\/\/titare.eus\/wp-content\/uploads\/2025\/11\/Josteko-ikastaroa.jpg","datePublished":"2025-11-25T15:50:14+00:00","dateModified":"2025-11-26T09:25:12+00:00","breadcrumb":{"@id":"https:\/\/titare.eus\/eu\/producto\/laboratorio-textil-creatividad-y-sostenibilidad\/#breadcrumb"},"inLanguage":"eu","potentialAction":[{"@type":"ReadAction","target":["https:\/\/titare.eus\/eu\/producto\/laboratorio-textil-creatividad-y-sostenibilidad\/"]}]},{"@type":"ImageObject","inLanguage":"eu","@id":"https:\/\/titare.eus\/eu\/producto\/laboratorio-textil-creatividad-y-sostenibilidad\/#primaryimage","url":"https:\/\/titare.eus\/wp-content\/uploads\/2025\/11\/Josteko-ikastaroa.jpg","contentUrl":"https:\/\/titare.eus\/wp-content\/uploads\/2025\/11\/Josteko-ikastaroa.jpg","width":1000,"height":1250},{"@type":"BreadcrumbList","@id":"https:\/\/titare.eus\/eu\/producto\/laboratorio-textil-creatividad-y-sostenibilidad\/#breadcrumb","itemListElement":[{"@type":"ListItem","position":1,"name":"Portada","item":"https:\/\/titare.eus\/inicio\/"},{"@type":"ListItem","position":2,"name":"Denda","item":"https:\/\/titare.eus\/denda\/"},{"@type":"ListItem","position":3,"name":"Ehunen Laborategia: Sormena eta Jasangarritasuna"}]},{"@type":"WebSite","@id":"https:\/\/titare.eus\/#website","url":"https:\/\/titare.eus\/","name":"TITARE","description":"Moda Laborategia","potentialAction":[{"@type":"SearchAction","target":{"@type":"EntryPoint","urlTemplate":"https:\/\/titare.eus\/?s={search_term_string}"},"query-input":{"@type":"PropertyValueSpecification","valueRequired":true,"valueName":"search_term_string"}}],"inLanguage":"eu"}]}},"_links":{"self":[{"href":"https:\/\/titare.eus\/eu\/wp-json\/wp\/v2\/product\/512","targetHints":{"allow":["GET"]}}],"collection":[{"href":"https:\/\/titare.eus\/eu\/wp-json\/wp\/v2\/product"}],"about":[{"href":"https:\/\/titare.eus\/eu\/wp-json\/wp\/v2\/types\/product"}],"replies":[{"embeddable":true,"href":"https:\/\/titare.eus\/eu\/wp-json\/wp\/v2\/comments?post=512"}],"wp:featuredmedia":[{"embeddable":true,"href":"https:\/\/titare.eus\/eu\/wp-json\/wp\/v2\/media\/514"}],"wp:attachment":[{"href":"https:\/\/titare.eus\/eu\/wp-json\/wp\/v2\/media?parent=512"}],"wp:term":[{"taxonomy":"product_brand","embeddable":true,"href":"https:\/\/titare.eus\/eu\/wp-json\/wp\/v2\/product_brand?post=512"},{"taxonomy":"product_cat","embeddable":true,"href":"https:\/\/titare.eus\/eu\/wp-json\/wp\/v2\/product_cat?post=512"},{"taxonomy":"product_tag","embeddable":true,"href":"https:\/\/titare.eus\/eu\/wp-json\/wp\/v2\/product_tag?post=512"}],"curies":[{"name":"wp","href":"https:\/\/api.w.org\/{rel}","templated":true}]}}